{"id":10231,"date":"2022-02-18T12:46:23","date_gmt":"2022-02-18T12:46:23","guid":{"rendered":"https:\/\/www.fotini.pro\/?page_id=10231"},"modified":"2023-01-13T11:55:46","modified_gmt":"2023-01-13T11:55:46","slug":"impressum","status":"publish","type":"page","link":"https:\/\/fotini.pro\/de\/impressum\/","title":{"rendered":"Impressum [Aviso Legal]"},"content":{"rendered":"\n<p>In Anwendung des spanischen Gesetzes 34\/2002 vom 11. Juli \u00fcber Dienste der Informationsgesellschaft und des elektronischen Gesch\u00e4ftsverkehrs teilen wir Ihnen mit, dass die Website, die Sie unter der Domain <a href=\"http:\/\/www.fotini.pro\">www.fotini.pro<\/a> besuchen, Eigentum von FOTINI GANTZORAS ist. Die Daten der INHABERIN sind folgende:<\/p>\n\n\n\n<p><strong>Name:<\/strong> FOTINI GANTZORAS<\/p>\n\n\n\n<p><strong>NIE:<\/strong> Y0135992F<\/p>\n\n\n\n<p><strong>Anschrift:<\/strong> Calle Palencia, 7, 2M, 35500 Arrecife de Lanzarote<\/p>\n\n\n\n<p><strong>E-Mail<\/strong>: info[@]fotini.pro<\/p>\n\n\n\n<p><strong>HAFTUNGSAUSSCHLUSS<\/strong><\/p>\n\n\n\n<p>DIE INHABERIN schlie\u00dft jegliche Haftung in Zusammenhang mit der auf dieser Website ver\u00f6ffentlichten Informationen aus, sofern diese von Dritten manipuliert oder eingespeist wurden.<\/p>\n\n\n\n<p>Diese Website und deren Inhalte dienen ausschlie\u00dflich Informationszwecken. DIE INHABERIN ist nicht verantwortlich f\u00fcr die Richtigkeit, Vollst\u00e4ndigkeit oder Aktualit\u00e4t der auf dieser Website zur Verf\u00fcgung gestellten Informationen. Sie haftet nicht f\u00fcr eventuelle Fehler oder Auslassungen.<\/p>\n\n\n\n<p><strong>HAFTUNG F\u00dcR LINKS<\/strong><\/p>\n\n\n\n<p>M\u00f6glicherweise werden Sie von dieser Website zu Inhalten auf Websites von Dritten weitergeleitet. Da die konstante \u00dcberpr\u00fcfung der Inhalte Dritter auf deren jeweiligen Websites ein unm\u00f6gliches Unterfangen darstellt, schlie\u00dft DIE INHABERIN jedwede Haftung in Bezug auf besagte Inhalte aus.<\/p>\n\n\n\n<p><strong>ANWENDBARES RECHT UND GERICHTSSTAND<\/strong><\/p>\n\n\n\n<p>F\u00fcr die Kl\u00e4rung von Streitigkeiten jeglicher Art oder Fragen im Zusammenhang mit dieser Website oder den Dienstleistungen, die hier\u00fcber vermittelt wurden, findet das spanische Recht Anwendung. Die Parteien sind ausdr\u00fccklich an dieses Recht gebunden, wobei f\u00fcr die Beilegung aller Konflikte, die aus der Nutzung dieser Website entstehen, die Gerichte zust\u00e4ndig sind, die in der N\u00e4he der Stadt Arrecife auf Lanzarote (Spanien) liegen.<\/p>\n","protected":false},"excerpt":{"rendered":"<p>In Anwendung des spanischen Gesetzes 34\/2002 vom 11. Juli \u00fcber Dienste der Informationsgesellschaft und des elektronischen Gesch\u00e4ftsverkehrs teilen wir Ihnen mit, dass die Website, die [&hellip;]<\/p>\n","protected":false},"author":1,"featured_media":0,"parent":0,"menu_order":0,"comment_status":"closed","ping_status":"closed","template":"","meta":{"site-sidebar-layout":"default","site-content-layout":"","ast-site-content-layout":"default","site-content-style":"default","site-sidebar-style":"default","ast-global-header-display":"","ast-banner-title-visibility":"","ast-main-header-display":"","ast-hfb-above-header-display":"","ast-hfb-below-header-display":"","ast-hfb-mobile-header-display":"","site-post-title":"","ast-breadcrumbs-content":"disabled","ast-featured-img":"","footer-sml-layout":"","ast-disable-related-posts":"","theme-transparent-header-meta":"","adv-header-id-meta":"8299","stick-header-meta":"","header-above-stick-meta":"","header-main-stick-meta":"","header-below-stick-meta":"","astra-migrate-meta-layouts":"default","ast-page-background-enabled":"default","ast-page-background-meta":{"desktop":{"background-color":"var(--ast-global-color-4)","background-image":"","background-repeat":"repeat","background-position":"center center","background-size":"auto","background-attachment":"scroll","background-type":"","background-media":"","overlay-type":"","overlay-color":"","overlay-opacity":"","overlay-gradient":""},"tablet":{"background-color":"","background-image":"","background-repeat":"repeat","background-position":"center center","background-size":"auto","background-attachment":"scroll","background-type":"","background-media":"","overlay-type":"","overlay-color":"","overlay-opacity":"","overlay-gradient":""},"mobile":{"background-color":"","background-image":"","background-repeat":"repeat","background-position":"center center","background-size":"auto","background-attachment":"scroll","background-type":"","background-media":"","overlay-type":"","overlay-color":"","overlay-opacity":"","overlay-gradient":""}},"ast-content-background-meta":{"desktop":{"background-color":"var(--ast-global-color-5)","background-image":"","background-repeat":"repeat","background-position":"center center","background-size":"auto","background-attachment":"scroll","background-type":"","background-media":"","overlay-type":"","overlay-color":"","overlay-opacity":"","overlay-gradient":""},"tablet":{"background-color":"var(--ast-global-color-5)","background-image":"","background-repeat":"repeat","background-position":"center center","background-size":"auto","background-attachment":"scroll","background-type":"","background-media":"","overlay-type":"","overlay-color":"","overlay-opacity":"","overlay-gradient":""},"mobile":{"background-color":"var(--ast-global-color-5)","background-image":"","background-repeat":"repeat","background-position":"center center","background-size":"auto","background-attachment":"scroll","background-type":"","background-media":"","overlay-type":"","overlay-color":"","overlay-opacity":"","overlay-gradient":""}},"footnotes":""},"class_list":["post-10231","page","type-page","status-publish","hentry"],"yoast_head":"<!-- This site is optimized with the Yoast SEO plugin v27.4 - https:\/\/yoast.com\/product\/yoast-seo-wordpress\/ -->\n<title>Impressum [Aviso Legal] | Fotini Gantzoras<\/title>\n<meta name=\"robots\" content=\"index, follow, max-snippet:-1, max-image-preview:large, max-video-preview:-1\" \/>\n<link rel=\"canonical\" href=\"https:\/\/fotini.pro\/de\/impressum\/\" \/>\n<script type=\"application\/ld+json\" class=\"yoast-schema-graph\">{\"@context\":\"https:\\\/\\\/schema.org\",\"@graph\":[{\"@type\":\"WebPage\",\"@id\":\"https:\\\/\\\/fotini.pro\\\/de\\\/impressum\\\/\",\"url\":\"https:\\\/\\\/fotini.pro\\\/de\\\/impressum\\\/\",\"name\":\"Impressum [Aviso Legal] | Fotini Gantzoras\",\"isPartOf\":{\"@id\":\"https:\\\/\\\/fotini.pro\\\/de\\\/#website\"},\"datePublished\":\"2022-02-18T12:46:23+00:00\",\"dateModified\":\"2023-01-13T11:55:46+00:00\",\"breadcrumb\":{\"@id\":\"https:\\\/\\\/fotini.pro\\\/de\\\/impressum\\\/#breadcrumb\"},\"inLanguage\":\"de\",\"potentialAction\":[{\"@type\":\"ReadAction\",\"target\":[\"https:\\\/\\\/fotini.pro\\\/de\\\/impressum\\\/\"]}]},{\"@type\":\"BreadcrumbList\",\"@id\":\"https:\\\/\\\/fotini.pro\\\/de\\\/impressum\\\/#breadcrumb\",\"itemListElement\":[{\"@type\":\"ListItem\",\"position\":1,\"name\":\"Portada\",\"item\":\"https:\\\/\\\/fotini.pro\\\/de\\\/\"},{\"@type\":\"ListItem\",\"position\":2,\"name\":\"Impressum [Aviso Legal]\"}]},{\"@type\":\"WebSite\",\"@id\":\"https:\\\/\\\/fotini.pro\\\/de\\\/#website\",\"url\":\"https:\\\/\\\/fotini.pro\\\/de\\\/\",\"name\":\"Fotini Gantzoras\",\"description\":\"VEREIDIGTE \u00dcBERSETZERIN\",\"publisher\":{\"@id\":\"https:\\\/\\\/fotini.pro\\\/de\\\/#\\\/schema\\\/person\\\/6d0230236c10617e56fa53b51d0aeba1\"},\"potentialAction\":[{\"@type\":\"SearchAction\",\"target\":{\"@type\":\"EntryPoint\",\"urlTemplate\":\"https:\\\/\\\/fotini.pro\\\/de\\\/?s={search_term_string}\"},\"query-input\":{\"@type\":\"PropertyValueSpecification\",\"valueRequired\":true,\"valueName\":\"search_term_string\"}}],\"inLanguage\":\"de\"},{\"@type\":[\"Person\",\"Organization\"],\"@id\":\"https:\\\/\\\/fotini.pro\\\/de\\\/#\\\/schema\\\/person\\\/6d0230236c10617e56fa53b51d0aeba1\",\"name\":\"Fotini Gantzoras\",\"image\":{\"@type\":\"ImageObject\",\"inLanguage\":\"de\",\"@id\":\"https:\\\/\\\/fotini.pro\\\/wp-content\\\/uploads\\\/2022\\\/03\\\/fotini-gantzoras-traductora-jurada.jpg\",\"url\":\"https:\\\/\\\/fotini.pro\\\/wp-content\\\/uploads\\\/2022\\\/03\\\/fotini-gantzoras-traductora-jurada.jpg\",\"contentUrl\":\"https:\\\/\\\/fotini.pro\\\/wp-content\\\/uploads\\\/2022\\\/03\\\/fotini-gantzoras-traductora-jurada.jpg\",\"width\":750,\"height\":563,\"caption\":\"Fotini Gantzoras\"},\"logo\":{\"@id\":\"https:\\\/\\\/fotini.pro\\\/wp-content\\\/uploads\\\/2022\\\/03\\\/fotini-gantzoras-traductora-jurada.jpg\"},\"sameAs\":[\"https:\\\/\\\/www.fotini.pro\"]}]}<\/script>\n<!-- \/ Yoast SEO plugin. -->","yoast_head_json":{"title":"Impressum [Aviso Legal] | Fotini Gantzoras","robots":{"index":"index","follow":"follow","max-snippet":"max-snippet:-1","max-image-preview":"max-image-preview:large","max-video-preview":"max-video-preview:-1"},"canonical":"https:\/\/fotini.pro\/de\/impressum\/","schema":{"@context":"https:\/\/schema.org","@graph":[{"@type":"WebPage","@id":"https:\/\/fotini.pro\/de\/impressum\/","url":"https:\/\/fotini.pro\/de\/impressum\/","name":"Impressum [Aviso Legal] | Fotini Gantzoras","isPartOf":{"@id":"https:\/\/fotini.pro\/de\/#website"},"datePublished":"2022-02-18T12:46:23+00:00","dateModified":"2023-01-13T11:55:46+00:00","breadcrumb":{"@id":"https:\/\/fotini.pro\/de\/impressum\/#breadcrumb"},"inLanguage":"de","potentialAction":[{"@type":"ReadAction","target":["https:\/\/fotini.pro\/de\/impressum\/"]}]},{"@type":"BreadcrumbList","@id":"https:\/\/fotini.pro\/de\/impressum\/#breadcrumb","itemListElement":[{"@type":"ListItem","position":1,"name":"Portada","item":"https:\/\/fotini.pro\/de\/"},{"@type":"ListItem","position":2,"name":"Impressum [Aviso Legal]"}]},{"@type":"WebSite","@id":"https:\/\/fotini.pro\/de\/#website","url":"https:\/\/fotini.pro\/de\/","name":"Fotini Gantzoras","description":"VEREIDIGTE \u00dcBERSETZERIN","publisher":{"@id":"https:\/\/fotini.pro\/de\/#\/schema\/person\/6d0230236c10617e56fa53b51d0aeba1"},"potentialAction":[{"@type":"SearchAction","target":{"@type":"EntryPoint","urlTemplate":"https:\/\/fotini.pro\/de\/?s={search_term_string}"},"query-input":{"@type":"PropertyValueSpecification","valueRequired":true,"valueName":"search_term_string"}}],"inLanguage":"de"},{"@type":["Person","Organization"],"@id":"https:\/\/fotini.pro\/de\/#\/schema\/person\/6d0230236c10617e56fa53b51d0aeba1","name":"Fotini Gantzoras","image":{"@type":"ImageObject","inLanguage":"de","@id":"https:\/\/fotini.pro\/wp-content\/uploads\/2022\/03\/fotini-gantzoras-traductora-jurada.jpg","url":"https:\/\/fotini.pro\/wp-content\/uploads\/2022\/03\/fotini-gantzoras-traductora-jurada.jpg","contentUrl":"https:\/\/fotini.pro\/wp-content\/uploads\/2022\/03\/fotini-gantzoras-traductora-jurada.jpg","width":750,"height":563,"caption":"Fotini Gantzoras"},"logo":{"@id":"https:\/\/fotini.pro\/wp-content\/uploads\/2022\/03\/fotini-gantzoras-traductora-jurada.jpg"},"sameAs":["https:\/\/www.fotini.pro"]}]}},"_links":{"self":[{"href":"https:\/\/fotini.pro\/de\/wp-json\/wp\/v2\/pages\/10231","targetHints":{"allow":["GET"]}}],"collection":[{"href":"https:\/\/fotini.pro\/de\/wp-json\/wp\/v2\/pages"}],"about":[{"href":"https:\/\/fotini.pro\/de\/wp-json\/wp\/v2\/types\/page"}],"author":[{"embeddable":true,"href":"https:\/\/fotini.pro\/de\/wp-json\/wp\/v2\/users\/1"}],"replies":[{"embeddable":true,"href":"https:\/\/fotini.pro\/de\/wp-json\/wp\/v2\/comments?post=10231"}],"version-history":[{"count":0,"href":"https:\/\/fotini.pro\/de\/wp-json\/wp\/v2\/pages\/10231\/revisions"}],"wp:attachment":[{"href":"https:\/\/fotini.pro\/de\/wp-json\/wp\/v2\/media?parent=10231"}],"curies":[{"name":"wp","href":"https:\/\/api.w.org\/{rel}","templated":true}]}}