{"id":10267,"date":"2021-05-21T09:02:39","date_gmt":"2021-05-21T08:02:39","guid":{"rendered":"https:\/\/www.fotini.pro\/?page_id=10267"},"modified":"2023-01-19T18:01:38","modified_gmt":"2023-01-19T18:01:38","slug":"datenschutzhinweise","status":"publish","type":"page","link":"https:\/\/fotini.pro\/de\/datenschutzhinweise\/","title":{"rendered":"Datenschutzhinweise"},"content":{"rendered":"\n<p>Heutzutage ist jeder, der eine Website besitzt, dazu verpflichtet seine User dar\u00fcber zu informieren, welche Daten beim Nutzen der Website erhoben und zu welchem Zweck diese verarbeitet werden.<\/p>\n\n\n\n<p>Ich erhebe auf meiner Website eher wenig Daten. Die, die ich erfasse, sind technischer Art. Hierbei werden Sie nicht pers\u00f6nlich identifiziert.<\/p>\n\n\n\n<p>Im Anschluss erkl\u00e4re ich dies genauer.<\/p>\n\n\n\n<p><strong>VERANTWORTLICHE PERSON<\/strong><\/p>\n\n\n\n<p>Die verantwortliche Person f\u00fcr die Datenerfassung bin ich, FOTINI GANTZORAS, DIE INHABERIN der Website <a href=\"https:\/\/www.fotini.pro\/\">https:\/\/www.fotini.pro\/<\/a>. Meine Daten entnehmen Sie bitte dem <a href=\"https:\/\/www.fotini.pro\/de\/impressum\/\">IMPRESSUM<\/a>.<\/p>\n\n\n\n<p><strong>PERSONENBEZOGENE DATEN<\/strong><\/p>\n\n\n\n<p>Sie werden auf dieser Website an keiner Stelle dazu aufgefordert, Ihre personenbezogenen Daten bereitzustellen.<\/p>\n\n\n\n<p>\u00dcber Buttons wie \u201cWHATSAPP\u201d oder \u201cE-MAIL SENDEN\u201c gibt diese Website Ihnen die M\u00f6glichkeit, direkt mit mir in Kontakt zu treten.<\/p>\n\n\n\n<p>Auf diese Art und Weise k\u00f6nnen Sie mir Fragen zu meinen Dienstleistungen stellen oder einen Kostenvoranschlag anfordern.<\/p>\n\n\n\n<p>Der Schutz Ihrer personenbezogenen Daten ist f\u00fcr mich sehr wichtig. <\/p>\n\n\n\n<p>Die Daten, die Sie mir per E-Mail oder WhatsApp bereitstellen, werden vertraulich behandelt und ausschlie\u00dflich zur Beantwortung Ihres Anliegens, zum Erbringen der erw\u00fcnschten Leistung und zur Feedbackabfrage genutzt.<\/p>\n\n\n\n<p><strong>GOOGLE ANALYTICS<\/strong><\/p>\n\n\n\n<p>Diese Website nutzt ein Tool namens Google Analytics.<\/p>\n\n\n\n<p>Durch dieses Tool werden Sie <strong>nicht<\/strong> pers\u00f6nlich identifiziert. Es hilft mir dabei, das Nutzerverhalten auf meiner Website nachzuvollziehen.<\/p>\n\n\n\n<p>So kann ich eventuelle Anpassungen vornehmen, um Ihr Surf-Erlebnis auf meiner Website zu verbessern und\/oder Inhalte zu erarbeiten, die f\u00fcr Sie oder auch andere User von Nutzen sein k\u00f6nnen.<\/p>\n\n\n\n<p><strong>AUS\u00dcBUNG IHRER RECHTE<\/strong><\/p>\n\n\n\n<p>In Anwendung der Europ\u00e4ischen Datenschutz-Grundverordnung (DSGVO) 2016\/679 sowie des spanischen Organgesetzes 3\/2018 [Ley Org\u00e1nica 3\/2018, de 5 de diciembre, de Protecci\u00f3n de Datos Personales (LOPD)] k\u00f6nnen Sie Ihr Recht auf Auskunft, L\u00f6schung, Berichtigung und Einschr\u00e4nkung gegen\u00fcber der Datenverarbeitung geltend machen, indem Sie mir eine E-Mail unter daten[@]fotini.pro mit dem Betreff \u201eDatenschutz\u201c zukommen lassen.<\/p>\n\n\n\n<p>F\u00fcgen Sie der E-Mail bitte die Kopie eines Ausweisdokumentes bei, damit Ihre Identit\u00e4t nachgewiesen werden kann.<\/p>\n\n\n\n<p>Ebenso haben Sie das Recht eine Beschwerde bei der spanischen Agentur f\u00fcr Datenschutz [Agencia Espa\u00f1ola de Protecci\u00f3n de Datos] einzureichen.<\/p>\n\n\n\n<p><strong>COOKIES<\/strong><\/p>\n\n\n\n<p>Cookies sind kleine Textdateien, die beim Besuch fast jeder Website von Ihrem Browser gespeichert werden.<\/p>\n\n\n\n<p>Cookies richten auf Ihrem Rechner keinen Schaden an und enthalten keine Viren. Ganz im Gegenteil, sie sorgen f\u00fcr eine komfortables Surf-Erlebnis.<\/p>\n\n\n\n<p>Im Allgemeinen speichern Cookies Informationen technischer Art sowie pers\u00f6nliche Pr\u00e4ferenzen, personalisierte Inhalte, Nutzerstatistiken, Links zu sozialen Netzwerken, Zugang zu Nutzerkonten, etc.<\/p>\n\n\n\n<p>Der Zweck der Cookies ist die Anpassung des Webinhaltes an Ihr Profil und Ihre Bed\u00fcrfnisse.<\/p>\n\n\n\n<p>Ohne Cookies w\u00fcrden die Funktionen einer Website erheblich beeintr\u00e4chtigt werden.<\/p>\n\n\n\n<p><strong>AUF DIESER WEBSITE VERWENDETE COOKIES<\/strong><\/p>\n\n\n\n<p>In Anwendung der Richtlinie der spanischen Agentur f\u00fcr Datenschutz informiere ich Sie im Folgenden \u00fcber die auf der Website, <a href=\"https:\/\/www.fotini.pro\/\">https:\/\/www.fotini.pro\/<\/a> genutzten Cookies.<\/p>\n\n\n\n<p><strong>Cookies von Drittanbietern<\/strong><\/p>\n\n\n\n<p>Wie bereits vorab erw\u00e4hnt, nutzt diese Website das Tool Google Analytics. <\/p>\n\n\n\n<p>Es verwendet eine Reihe von Cookies, um Informationen zu erheben und Nutzungsstatistiken zu erstellen, ohne einzelne Besucher pers\u00f6nlich zu identifizieren.<\/p>\n\n\n\n<p>\u201e_ga\u201c ist das wichtigste Google Analytics-Cookie. \u201e_ga\u201c erm\u00f6glicht es einem Dienst, einen Nutzer von anderen zu unterscheiden und ist 2&nbsp;Jahre lang g\u00fcltig.<\/p>\n\n\n\n<p>Durch das Nutzen dieser Website erkl\u00e4ren Sie sich mit der Informationsverarbeitung seitens Googles einverstanden. Aus diesem Grund hat die Aus\u00fcbung s\u00e4mtlicher Rechte in diesem Zusammenhang direkt bei Google zu erfolgen.<\/p>\n\n\n\n<p><strong>SOZIALE NETZWERKE<\/strong><\/p>\n\n\n\n<p>Jedes soziale Netzwerk nutzt eigene Cookies, damit Sie z.B. Like- oder Share-Buttons anklicken k\u00f6nnen.<\/p>\n\n\n\n<p><strong>COOKIES L\u00d6SCHEN ODER BLOCKIEREN<\/strong><\/p>\n\n\n\n<p>Sie haben das Recht, die Cookies dieser Website jederzeitzu l\u00f6schen oder zu blockieren.<\/p>\n\n\n\n<p>Zust\u00e4ndig f\u00fcr das Abspeichern der Cookies ist der jeweilige Browser. Daher m\u00fcssen Sie das L\u00f6schen oder das Blockieren auch bei Ihrem Browser vornehmen.<\/p>\n\n\n\n<p>Je nach Browser gibt es hier verschiedene Vorgehensweisen.<\/p>\n\n\n\n<p>Im Folgenden f\u00fchre ich einige Links auf, die Sie zu den entsprechenden Cookie-Informationen der meistgenutzten Browser weiterleiten werden:<\/p>\n\n\n\n<p><a href=\"https:\/\/support.mozilla.org\/de\/kb\/cookies-informationen-websites-auf-ihrem-computer#w_cookie-einstellungen\">MOZILLA FIREFOX<\/a><\/p>\n\n\n\n<p><a href=\"https:\/\/support.google.com\/chrome\/answer\/95647?hl=de\">GOOGLE CHROME<\/a><\/p>\n\n\n\n<p><a href=\"https:\/\/support.microsoft.com\/de-de\/windows\/l%C3%B6schen-und-verwalten-von-cookies-168dab11-0753-043d-7c16-ede5947fc64d\">INTERNET EXPLORER<\/a><\/p>\n\n\n\n<p><a href=\"https:\/\/support.microsoft.com\/de-de\/microsoft-edge\/cookies-in-microsoft-edge-l%C3%B6schen-63947406-40ac-c3b8-57b9-2a946a29ae09\">MICROSOFT EDGE<\/a><\/p>\n\n\n\n<p><a href=\"https:\/\/support.apple.com\/de-de\/guide\/safari\/sfri11471\/mac\">SAFARI<\/a><\/p>\n","protected":false},"excerpt":{"rendered":"<p>Heutzutage ist jeder, der eine Website besitzt, dazu verpflichtet seine User dar\u00fcber zu informieren, welche Daten beim Nutzen der Website erhoben und zu welchem Zweck [&hellip;]<\/p>\n","protected":false},"author":1,"featured_media":0,"parent":0,"menu_order":0,"comment_status":"closed","ping_status":"closed","template":"","meta":{"site-sidebar-layout":"","site-content-layout":"","ast-site-content-layout":"default","site-content-style":"default","site-sidebar-style":"default","ast-global-header-display":"","ast-banner-title-visibility":"","ast-main-header-display":"","ast-hfb-above-header-display":"","ast-hfb-below-header-display":"","ast-hfb-mobile-header-display":"","site-post-title":"","ast-breadcrumbs-content":"disabled","ast-featured-img":"","footer-sml-layout":"","ast-disable-related-posts":"","theme-transparent-header-meta":"","adv-header-id-meta":"8299","stick-header-meta":"","header-above-stick-meta":"","header-main-stick-meta":"","header-below-stick-meta":"","astra-migrate-meta-layouts":"default","ast-page-background-enabled":"default","ast-page-background-meta":{"desktop":{"background-color":"var(--ast-global-color-4)","background-image":"","background-repeat":"repeat","background-position":"center center","background-size":"auto","background-attachment":"scroll","background-type":"","background-media":"","overlay-type":"","overlay-color":"","overlay-opacity":"","overlay-gradient":""},"tablet":{"background-color":"","background-image":"","background-repeat":"repeat","background-position":"center center","background-size":"auto","background-attachment":"scroll","background-type":"","background-media":"","overlay-type":"","overlay-color":"","overlay-opacity":"","overlay-gradient":""},"mobile":{"background-color":"","background-image":"","background-repeat":"repeat","background-position":"center center","background-size":"auto","background-attachment":"scroll","background-type":"","background-media":"","overlay-type":"","overlay-color":"","overlay-opacity":"","overlay-gradient":""}},"ast-content-background-meta":{"desktop":{"background-color":"var(--ast-global-color-5)","background-image":"","background-repeat":"repeat","background-position":"center center","background-size":"auto","background-attachment":"scroll","background-type":"","background-media":"","overlay-type":"","overlay-color":"","overlay-opacity":"","overlay-gradient":""},"tablet":{"background-color":"var(--ast-global-color-5)","background-image":"","background-repeat":"repeat","background-position":"center center","background-size":"auto","background-attachment":"scroll","background-type":"","background-media":"","overlay-type":"","overlay-color":"","overlay-opacity":"","overlay-gradient":""},"mobile":{"background-color":"var(--ast-global-color-5)","background-image":"","background-repeat":"repeat","background-position":"center center","background-size":"auto","background-attachment":"scroll","background-type":"","background-media":"","overlay-type":"","overlay-color":"","overlay-opacity":"","overlay-gradient":""}},"footnotes":""},"class_list":["post-10267","page","type-page","status-publish","hentry"],"yoast_head":"<!-- This site is optimized with the Yoast SEO plugin v27.4 - https:\/\/yoast.com\/product\/yoast-seo-wordpress\/ -->\n<title>Datenschutzhinweise | Fotini Gantzoras<\/title>\n<meta name=\"robots\" content=\"index, follow, max-snippet:-1, max-image-preview:large, max-video-preview:-1\" \/>\n<link rel=\"canonical\" href=\"https:\/\/fotini.pro\/de\/datenschutzhinweise\/\" \/>\n<script type=\"application\/ld+json\" class=\"yoast-schema-graph\">{\"@context\":\"https:\\\/\\\/schema.org\",\"@graph\":[{\"@type\":\"WebPage\",\"@id\":\"https:\\\/\\\/fotini.pro\\\/de\\\/datenschutzhinweise\\\/\",\"url\":\"https:\\\/\\\/fotini.pro\\\/de\\\/datenschutzhinweise\\\/\",\"name\":\"Datenschutzhinweise | Fotini Gantzoras\",\"isPartOf\":{\"@id\":\"https:\\\/\\\/fotini.pro\\\/de\\\/#website\"},\"datePublished\":\"2021-05-21T08:02:39+00:00\",\"dateModified\":\"2023-01-19T18:01:38+00:00\",\"breadcrumb\":{\"@id\":\"https:\\\/\\\/fotini.pro\\\/de\\\/datenschutzhinweise\\\/#breadcrumb\"},\"inLanguage\":\"de\",\"potentialAction\":[{\"@type\":\"ReadAction\",\"target\":[\"https:\\\/\\\/fotini.pro\\\/de\\\/datenschutzhinweise\\\/\"]}]},{\"@type\":\"BreadcrumbList\",\"@id\":\"https:\\\/\\\/fotini.pro\\\/de\\\/datenschutzhinweise\\\/#breadcrumb\",\"itemListElement\":[{\"@type\":\"ListItem\",\"position\":1,\"name\":\"Portada\",\"item\":\"https:\\\/\\\/fotini.pro\\\/de\\\/\"},{\"@type\":\"ListItem\",\"position\":2,\"name\":\"Datenschutzhinweise\"}]},{\"@type\":\"WebSite\",\"@id\":\"https:\\\/\\\/fotini.pro\\\/de\\\/#website\",\"url\":\"https:\\\/\\\/fotini.pro\\\/de\\\/\",\"name\":\"Fotini Gantzoras\",\"description\":\"VEREIDIGTE \u00dcBERSETZERIN\",\"publisher\":{\"@id\":\"https:\\\/\\\/fotini.pro\\\/de\\\/#\\\/schema\\\/person\\\/6d0230236c10617e56fa53b51d0aeba1\"},\"potentialAction\":[{\"@type\":\"SearchAction\",\"target\":{\"@type\":\"EntryPoint\",\"urlTemplate\":\"https:\\\/\\\/fotini.pro\\\/de\\\/?s={search_term_string}\"},\"query-input\":{\"@type\":\"PropertyValueSpecification\",\"valueRequired\":true,\"valueName\":\"search_term_string\"}}],\"inLanguage\":\"de\"},{\"@type\":[\"Person\",\"Organization\"],\"@id\":\"https:\\\/\\\/fotini.pro\\\/de\\\/#\\\/schema\\\/person\\\/6d0230236c10617e56fa53b51d0aeba1\",\"name\":\"Fotini Gantzoras\",\"image\":{\"@type\":\"ImageObject\",\"inLanguage\":\"de\",\"@id\":\"https:\\\/\\\/fotini.pro\\\/wp-content\\\/uploads\\\/2022\\\/03\\\/fotini-gantzoras-traductora-jurada.jpg\",\"url\":\"https:\\\/\\\/fotini.pro\\\/wp-content\\\/uploads\\\/2022\\\/03\\\/fotini-gantzoras-traductora-jurada.jpg\",\"contentUrl\":\"https:\\\/\\\/fotini.pro\\\/wp-content\\\/uploads\\\/2022\\\/03\\\/fotini-gantzoras-traductora-jurada.jpg\",\"width\":750,\"height\":563,\"caption\":\"Fotini Gantzoras\"},\"logo\":{\"@id\":\"https:\\\/\\\/fotini.pro\\\/wp-content\\\/uploads\\\/2022\\\/03\\\/fotini-gantzoras-traductora-jurada.jpg\"},\"sameAs\":[\"https:\\\/\\\/www.fotini.pro\"]}]}<\/script>\n<!-- \/ Yoast SEO plugin. -->","yoast_head_json":{"title":"Datenschutzhinweise | Fotini Gantzoras","robots":{"index":"index","follow":"follow","max-snippet":"max-snippet:-1","max-image-preview":"max-image-preview:large","max-video-preview":"max-video-preview:-1"},"canonical":"https:\/\/fotini.pro\/de\/datenschutzhinweise\/","schema":{"@context":"https:\/\/schema.org","@graph":[{"@type":"WebPage","@id":"https:\/\/fotini.pro\/de\/datenschutzhinweise\/","url":"https:\/\/fotini.pro\/de\/datenschutzhinweise\/","name":"Datenschutzhinweise | Fotini Gantzoras","isPartOf":{"@id":"https:\/\/fotini.pro\/de\/#website"},"datePublished":"2021-05-21T08:02:39+00:00","dateModified":"2023-01-19T18:01:38+00:00","breadcrumb":{"@id":"https:\/\/fotini.pro\/de\/datenschutzhinweise\/#breadcrumb"},"inLanguage":"de","potentialAction":[{"@type":"ReadAction","target":["https:\/\/fotini.pro\/de\/datenschutzhinweise\/"]}]},{"@type":"BreadcrumbList","@id":"https:\/\/fotini.pro\/de\/datenschutzhinweise\/#breadcrumb","itemListElement":[{"@type":"ListItem","position":1,"name":"Portada","item":"https:\/\/fotini.pro\/de\/"},{"@type":"ListItem","position":2,"name":"Datenschutzhinweise"}]},{"@type":"WebSite","@id":"https:\/\/fotini.pro\/de\/#website","url":"https:\/\/fotini.pro\/de\/","name":"Fotini Gantzoras","description":"VEREIDIGTE \u00dcBERSETZERIN","publisher":{"@id":"https:\/\/fotini.pro\/de\/#\/schema\/person\/6d0230236c10617e56fa53b51d0aeba1"},"potentialAction":[{"@type":"SearchAction","target":{"@type":"EntryPoint","urlTemplate":"https:\/\/fotini.pro\/de\/?s={search_term_string}"},"query-input":{"@type":"PropertyValueSpecification","valueRequired":true,"valueName":"search_term_string"}}],"inLanguage":"de"},{"@type":["Person","Organization"],"@id":"https:\/\/fotini.pro\/de\/#\/schema\/person\/6d0230236c10617e56fa53b51d0aeba1","name":"Fotini Gantzoras","image":{"@type":"ImageObject","inLanguage":"de","@id":"https:\/\/fotini.pro\/wp-content\/uploads\/2022\/03\/fotini-gantzoras-traductora-jurada.jpg","url":"https:\/\/fotini.pro\/wp-content\/uploads\/2022\/03\/fotini-gantzoras-traductora-jurada.jpg","contentUrl":"https:\/\/fotini.pro\/wp-content\/uploads\/2022\/03\/fotini-gantzoras-traductora-jurada.jpg","width":750,"height":563,"caption":"Fotini Gantzoras"},"logo":{"@id":"https:\/\/fotini.pro\/wp-content\/uploads\/2022\/03\/fotini-gantzoras-traductora-jurada.jpg"},"sameAs":["https:\/\/www.fotini.pro"]}]}},"_links":{"self":[{"href":"https:\/\/fotini.pro\/de\/wp-json\/wp\/v2\/pages\/10267","targetHints":{"allow":["GET"]}}],"collection":[{"href":"https:\/\/fotini.pro\/de\/wp-json\/wp\/v2\/pages"}],"about":[{"href":"https:\/\/fotini.pro\/de\/wp-json\/wp\/v2\/types\/page"}],"author":[{"embeddable":true,"href":"https:\/\/fotini.pro\/de\/wp-json\/wp\/v2\/users\/1"}],"replies":[{"embeddable":true,"href":"https:\/\/fotini.pro\/de\/wp-json\/wp\/v2\/comments?post=10267"}],"version-history":[{"count":0,"href":"https:\/\/fotini.pro\/de\/wp-json\/wp\/v2\/pages\/10267\/revisions"}],"wp:attachment":[{"href":"https:\/\/fotini.pro\/de\/wp-json\/wp\/v2\/media?parent=10267"}],"curies":[{"name":"wp","href":"https:\/\/api.w.org\/{rel}","templated":true}]}}