{"id":10454,"date":"2022-02-20T18:19:00","date_gmt":"2022-02-20T18:19:00","guid":{"rendered":"https:\/\/www.fotini.pro\/?page_id=10454"},"modified":"2025-07-11T05:03:54","modified_gmt":"2025-07-11T04:03:54","slug":"kontakt","status":"publish","type":"page","link":"https:\/\/fotini.pro\/de\/kontakt\/","title":{"rendered":"Kontakt"},"content":{"rendered":"\t\t<div data-elementor-type=\"wp-page\" data-elementor-id=\"10454\" class=\"elementor elementor-10454 elementor-10365\">\n\t\t\t\t\t\t<section class=\"elementor-section elementor-top-section elementor-element elementor-element-d7e4b56 elementor-section-full_width elementor-section-height-default elementor-section-height-default\" data-id=\"d7e4b56\" data-element_type=\"section\" data-e-type=\"section\">\n\t\t\t\t\t\t<div class=\"elementor-container elementor-column-gap-no\">\n\t\t\t\t\t<div class=\"elementor-column elementor-col-100 elementor-top-column elementor-element elementor-element-832391c\" data-id=\"832391c\" data-element_type=\"column\" data-e-type=\"column\">\n\t\t\t<div class=\"elementor-widget-wrap elementor-element-populated\">\n\t\t\t\t\t\t<div class=\"elementor-element elementor-element-10721a8 elementor-widget elementor-widget-heading\" data-id=\"10721a8\" data-element_type=\"widget\" data-e-type=\"widget\" data-widget_type=\"heading.default\">\n\t\t\t\t<div class=\"elementor-widget-container\">\n\t\t\t\t\t<h2 class=\"elementor-heading-title elementor-size-xxl\">Kontakt<\/h2>\t\t\t\t<\/div>\n\t\t\t\t<\/div>\n\t\t\t\t<div class=\"elementor-element elementor-element-def9fc9 elementor-widget-divider--view-line elementor-widget elementor-widget-divider\" data-id=\"def9fc9\" data-element_type=\"widget\" data-e-type=\"widget\" data-widget_type=\"divider.default\">\n\t\t\t\t<div class=\"elementor-widget-container\">\n\t\t\t\t\t\t\t<div class=\"elementor-divider\">\n\t\t\t<span class=\"elementor-divider-separator\">\n\t\t\t\t\t\t<\/span>\n\t\t<\/div>\n\t\t\t\t\t\t<\/div>\n\t\t\t\t<\/div>\n\t\t\t\t\t<\/div>\n\t\t<\/div>\n\t\t\t\t\t<\/div>\n\t\t<\/section>\n\t\t\t\t<section class=\"elementor-section elementor-top-section elementor-element elementor-element-6f554cd elementor-section-boxed elementor-section-height-default elementor-section-height-default\" data-id=\"6f554cd\" data-element_type=\"section\" data-e-type=\"section\">\n\t\t\t\t\t\t<div class=\"elementor-container elementor-column-gap-default\">\n\t\t\t\t\t<div class=\"elementor-column elementor-col-100 elementor-top-column elementor-element elementor-element-e38df10\" data-id=\"e38df10\" data-element_type=\"column\" data-e-type=\"column\">\n\t\t\t<div class=\"elementor-widget-wrap elementor-element-populated\">\n\t\t\t\t\t\t<div class=\"elementor-element elementor-element-0f7ac2e elementor-widget elementor-widget-text-editor\" data-id=\"0f7ac2e\" data-element_type=\"widget\" data-e-type=\"widget\" data-widget_type=\"text-editor.default\">\n\t\t\t\t<div class=\"elementor-widget-container\">\n\t\t\t\t\t\t\t\t\t<p class=\"MsoNormal\"><span lang=\"DE\" style=\"font-family: Montserrat; mso-ansi-language: DE;\">Sie haben Fragen oder w\u00fcnschen einen unverbindlichen Kostenvoranschlag?<\/span><\/p><p class=\"MsoNormal\"><span lang=\"DE\" style=\"font-family: Montserrat; mso-ansi-language: DE;\">Kontaktieren Sie mich ganz einfach per E-Mail oder WhatsApp:<\/span><\/p>\t\t\t\t\t\t\t\t<\/div>\n\t\t\t\t<\/div>\n\t\t\t\t\t<\/div>\n\t\t<\/div>\n\t\t\t\t\t<\/div>\n\t\t<\/section>\n\t\t\t\t<section class=\"elementor-section elementor-inner-section elementor-element elementor-element-670203dc elementor-hidden-mobile elementor-section-boxed elementor-section-height-default elementor-section-height-default\" data-id=\"670203dc\" data-element_type=\"section\" data-e-type=\"section\">\n\t\t\t\t\t\t<div class=\"elementor-container elementor-column-gap-no\">\n\t\t\t\t\t<div class=\"elementor-column elementor-col-33 elementor-inner-column elementor-element elementor-element-2d70409d\" data-id=\"2d70409d\" data-element_type=\"column\" data-e-type=\"column\">\n\t\t\t<div class=\"elementor-widget-wrap elementor-element-populated\">\n\t\t\t\t\t\t<div class=\"elementor-element elementor-element-6e272655 elementor-align-right elementor-widget elementor-widget-button\" data-id=\"6e272655\" data-element_type=\"widget\" data-e-type=\"widget\" data-widget_type=\"button.default\">\n\t\t\t\t<div class=\"elementor-widget-container\">\n\t\t\t\t\t\t\t\t\t<div class=\"elementor-button-wrapper\">\n\t\t\t\t\t<a class=\"elementor-button elementor-button-link elementor-size-md\" href=\"mailto:info@fotini.pro\">\n\t\t\t\t\t\t<span class=\"elementor-button-content-wrapper\">\n\t\t\t\t\t\t\t\t\t<span class=\"elementor-button-text\">EMAIL<\/span>\n\t\t\t\t\t<\/span>\n\t\t\t\t\t<\/a>\n\t\t\t\t<\/div>\n\t\t\t\t\t\t\t\t<\/div>\n\t\t\t\t<\/div>\n\t\t\t\t\t<\/div>\n\t\t<\/div>\n\t\t\t\t<div class=\"elementor-column elementor-col-33 elementor-inner-column elementor-element elementor-element-3ca975e elementor-hidden-mobile\" data-id=\"3ca975e\" data-element_type=\"column\" data-e-type=\"column\">\n\t\t\t<div class=\"elementor-widget-wrap\">\n\t\t\t\t\t\t\t<\/div>\n\t\t<\/div>\n\t\t\t\t<div class=\"elementor-column elementor-col-33 elementor-inner-column elementor-element elementor-element-6b726f1\" data-id=\"6b726f1\" data-element_type=\"column\" data-e-type=\"column\">\n\t\t\t<div class=\"elementor-widget-wrap elementor-element-populated\">\n\t\t\t\t\t\t<div class=\"elementor-element elementor-element-3487a05 elementor-align-left elementor-widget elementor-widget-button\" data-id=\"3487a05\" data-element_type=\"widget\" data-e-type=\"widget\" data-widget_type=\"button.default\">\n\t\t\t\t<div class=\"elementor-widget-container\">\n\t\t\t\t\t\t\t\t\t<div class=\"elementor-button-wrapper\">\n\t\t\t\t\t<a class=\"elementor-button elementor-button-link elementor-size-md\" href=\"https:\/\/wa.me\/+34696787259?text=Hallo%20Fotini!\" target=\"_blank\">\n\t\t\t\t\t\t<span class=\"elementor-button-content-wrapper\">\n\t\t\t\t\t\t<span class=\"elementor-button-icon\">\n\t\t\t\t<i aria-hidden=\"true\" class=\"fab fa-whatsapp\"><\/i>\t\t\t<\/span>\n\t\t\t\t\t\t\t\t\t<span class=\"elementor-button-text\">WHATSAPP<\/span>\n\t\t\t\t\t<\/span>\n\t\t\t\t\t<\/a>\n\t\t\t\t<\/div>\n\t\t\t\t\t\t\t\t<\/div>\n\t\t\t\t<\/div>\n\t\t\t\t\t<\/div>\n\t\t<\/div>\n\t\t\t\t\t<\/div>\n\t\t<\/section>\n\t\t\t\t<section class=\"elementor-section elementor-inner-section elementor-element elementor-element-c77c684 elementor-hidden-desktop elementor-hidden-tablet elementor-section-boxed elementor-section-height-default elementor-section-height-default\" data-id=\"c77c684\" data-element_type=\"section\" data-e-type=\"section\">\n\t\t\t\t\t\t<div class=\"elementor-container elementor-column-gap-extended\">\n\t\t\t\t\t<div class=\"elementor-column elementor-col-50 elementor-inner-column elementor-element elementor-element-a80a3e7\" data-id=\"a80a3e7\" data-element_type=\"column\" data-e-type=\"column\">\n\t\t\t<div class=\"elementor-widget-wrap elementor-element-populated\">\n\t\t\t\t\t\t<div class=\"elementor-element elementor-element-5f11d26 elementor-align-right elementor-mobile-align-center elementor-widget elementor-widget-button\" data-id=\"5f11d26\" data-element_type=\"widget\" data-e-type=\"widget\" data-widget_type=\"button.default\">\n\t\t\t\t<div class=\"elementor-widget-container\">\n\t\t\t\t\t\t\t\t\t<div class=\"elementor-button-wrapper\">\n\t\t\t\t\t<a class=\"elementor-button elementor-button-link elementor-size-md\" href=\"mailto:info@fotini.pro\">\n\t\t\t\t\t\t<span class=\"elementor-button-content-wrapper\">\n\t\t\t\t\t\t\t\t\t<span class=\"elementor-button-text\">EMAIL<\/span>\n\t\t\t\t\t<\/span>\n\t\t\t\t\t<\/a>\n\t\t\t\t<\/div>\n\t\t\t\t\t\t\t\t<\/div>\n\t\t\t\t<\/div>\n\t\t\t\t\t<\/div>\n\t\t<\/div>\n\t\t\t\t<div class=\"elementor-column elementor-col-50 elementor-inner-column elementor-element elementor-element-f0f1b6f\" data-id=\"f0f1b6f\" data-element_type=\"column\" data-e-type=\"column\">\n\t\t\t<div class=\"elementor-widget-wrap elementor-element-populated\">\n\t\t\t\t\t\t<div class=\"elementor-element elementor-element-710730a elementor-align-left elementor-mobile-align-center elementor-widget elementor-widget-button\" data-id=\"710730a\" data-element_type=\"widget\" data-e-type=\"widget\" data-widget_type=\"button.default\">\n\t\t\t\t<div class=\"elementor-widget-container\">\n\t\t\t\t\t\t\t\t\t<div class=\"elementor-button-wrapper\">\n\t\t\t\t\t<a class=\"elementor-button elementor-button-link elementor-size-md\" href=\"https:\/\/wa.me\/+34696787259?text=Hallo%20Fotini!\" target=\"_blank\">\n\t\t\t\t\t\t<span class=\"elementor-button-content-wrapper\">\n\t\t\t\t\t\t<span class=\"elementor-button-icon\">\n\t\t\t\t<i aria-hidden=\"true\" class=\"fab fa-whatsapp\"><\/i>\t\t\t<\/span>\n\t\t\t\t\t\t\t\t\t<span class=\"elementor-button-text\">WHATSAPP<\/span>\n\t\t\t\t\t<\/span>\n\t\t\t\t\t<\/a>\n\t\t\t\t<\/div>\n\t\t\t\t\t\t\t\t<\/div>\n\t\t\t\t<\/div>\n\t\t\t\t\t<\/div>\n\t\t<\/div>\n\t\t\t\t\t<\/div>\n\t\t<\/section>\n\t\t\t\t<section class=\"elementor-section elementor-top-section elementor-element elementor-element-790ee8e elementor-section-boxed elementor-section-height-default elementor-section-height-default\" data-id=\"790ee8e\" data-element_type=\"section\" data-e-type=\"section\">\n\t\t\t\t\t\t<div class=\"elementor-container elementor-column-gap-default\">\n\t\t\t\t\t<div class=\"elementor-column elementor-col-100 elementor-top-column elementor-element elementor-element-3b232d5\" data-id=\"3b232d5\" data-element_type=\"column\" data-e-type=\"column\">\n\t\t\t<div class=\"elementor-widget-wrap elementor-element-populated\">\n\t\t\t\t\t\t<div class=\"elementor-element elementor-element-fe7a017 elementor-widget elementor-widget-text-editor\" data-id=\"fe7a017\" data-element_type=\"widget\" data-e-type=\"widget\" data-widget_type=\"text-editor.default\">\n\t\t\t\t<div class=\"elementor-widget-container\">\n\t\t\t\t\t\t\t\t\t<p class=\"has-text-align-center\" style=\"text-align: center;\">Telefonisch erreichen Sie mich unter der Mobilfunknummer <a href=\"tel:+34696787259\">+34 696787259<\/a>.<\/p><p style=\"text-align: center;\">Bitte haben Sie Verst\u00e4ndnis daf\u00fcr, dass ich Telefonanrufe nicht immer annehmen kann. H\u00e4ufig befinde ich mich in Dolmetschterminen oder arbeite konzentriert an einer \u00dcbersetzung. Daher ist eine kurze Nachricht oft die praktischere Variante.<\/p><p style=\"text-align: center;\">Meine E-Mails und WhatsApp \u00fcberpr\u00fcfe ich regelm\u00e4\u00dfig und setze mich im Regelfall innerhalb eines Werktages mit Ihnen in Verbindung.<\/p><p style=\"text-align: center;\">Wenn Sie mir eine Nachricht zukommen lassen, ist es von Vorteil, Ihr Anliegen so genau wie m\u00f6glich darzulegen. Auf eine klare Anfrage kann ich Ihnen auch eine konkrete Antwort geben.<\/p><p style=\"text-align: center;\">Meine Gesch\u00e4ftszeiten sind montags bis freitags von 9:00 bis 17:00 Uhr (kanarische Uhrzeit, MEZ -01:00).<\/p>\t\t\t\t\t\t\t\t<\/div>\n\t\t\t\t<\/div>\n\t\t\t\t\t<\/div>\n\t\t<\/div>\n\t\t\t\t\t<\/div>\n\t\t<\/section>\n\t\t\t\t<section class=\"elementor-section elementor-top-section elementor-element elementor-element-cc131b5 elementor-section-boxed elementor-section-height-default elementor-section-height-default\" data-id=\"cc131b5\" data-element_type=\"section\" data-e-type=\"section\">\n\t\t\t\t\t\t<div class=\"elementor-container elementor-column-gap-default\">\n\t\t\t\t\t<div class=\"elementor-column elementor-col-100 elementor-top-column elementor-element elementor-element-7e51f4e\" data-id=\"7e51f4e\" data-element_type=\"column\" data-e-type=\"column\">\n\t\t\t<div class=\"elementor-widget-wrap elementor-element-populated\">\n\t\t\t\t\t\t<div class=\"elementor-element elementor-element-f4bcead elementor-widget elementor-widget-image\" data-id=\"f4bcead\" data-element_type=\"widget\" data-e-type=\"widget\" data-widget_type=\"image.default\">\n\t\t\t\t<div class=\"elementor-widget-container\">\n\t\t\t\t\t\t\t\t\t\t\t\t\t\t\t<img decoding=\"async\" src=\"https:\/\/fotini.pro\/wp-content\/uploads\/elementor\/thumbs\/fotini-saludo-contacto-r6nsc5zudq16gs3nwnr8nchdd3qurz0skt3ljl70re.jpg\" title=\"fotini-saludo-contacto\" alt=\"Fotini Gantzoras Traductora Jurada\" loading=\"lazy\" \/>\t\t\t\t\t\t\t\t\t\t\t\t\t\t\t<\/div>\n\t\t\t\t<\/div>\n\t\t\t\t\t<\/div>\n\t\t<\/div>\n\t\t\t\t\t<\/div>\n\t\t<\/section>\n\t\t\t\t<\/div>\n\t\t","protected":false},"excerpt":{"rendered":"<p>Kontakt Sie haben Fragen oder w\u00fcnschen einen unverbindlichen Kostenvoranschlag? Kontaktieren Sie mich ganz einfach per E-Mail oder WhatsApp: EMAIL WHATSAPP EMAIL WHATSAPP Telefonisch erreichen Sie [&hellip;]<\/p>\n","protected":false},"author":2,"featured_media":828,"parent":0,"menu_order":0,"comment_status":"closed","ping_status":"closed","template":"","meta":{"site-sidebar-layout":"no-sidebar","site-content-layout":"page-builder","ast-site-content-layout":"default","site-content-style":"default","site-sidebar-style":"default","ast-global-header-display":"","ast-banner-title-visibility":"","ast-main-header-display":"","ast-hfb-above-header-display":"","ast-hfb-below-header-display":"","ast-hfb-mobile-header-display":"","site-post-title":"disabled","ast-breadcrumbs-content":"disabled","ast-featured-img":"disabled","footer-sml-layout":"","ast-disable-related-posts":"","theme-transparent-header-meta":"default","adv-header-id-meta":"8299","stick-header-meta":"default","header-above-stick-meta":"","header-main-stick-meta":"","header-below-stick-meta":"","astra-migrate-meta-layouts":"default","ast-page-background-enabled":"default","ast-page-background-meta":{"desktop":{"background-color":"var(--ast-global-color-4)","background-image":"","background-repeat":"repeat","background-position":"center center","background-size":"auto","background-attachment":"scroll","background-type":"","background-media":"","overlay-type":"","overlay-color":"","overlay-opacity":"","overlay-gradient":""},"tablet":{"background-color":"","background-image":"","background-repeat":"repeat","background-position":"center center","background-size":"auto","background-attachment":"scroll","background-type":"","background-media":"","overlay-type":"","overlay-color":"","overlay-opacity":"","overlay-gradient":""},"mobile":{"background-color":"","background-image":"","background-repeat":"repeat","background-position":"center center","background-size":"auto","background-attachment":"scroll","background-type":"","background-media":"","overlay-type":"","overlay-color":"","overlay-opacity":"","overlay-gradient":""}},"ast-content-background-meta":{"desktop":{"background-color":"var(--ast-global-color-5)","background-image":"","background-repeat":"repeat","background-position":"center center","background-size":"auto","background-attachment":"scroll","background-type":"","background-media":"","overlay-type":"","overlay-color":"","overlay-opacity":"","overlay-gradient":""},"tablet":{"background-color":"var(--ast-global-color-5)","background-image":"","background-repeat":"repeat","background-position":"center center","background-size":"auto","background-attachment":"scroll","background-type":"","background-media":"","overlay-type":"","overlay-color":"","overlay-opacity":"","overlay-gradient":""},"mobile":{"background-color":"var(--ast-global-color-5)","background-image":"","background-repeat":"repeat","background-position":"center center","background-size":"auto","background-attachment":"scroll","background-type":"","background-media":"","overlay-type":"","overlay-color":"","overlay-opacity":"","overlay-gradient":""}},"footnotes":""},"class_list":["post-10454","page","type-page","status-publish","has-post-thumbnail","hentry"],"yoast_head":"<!-- This site is optimized with the Yoast SEO plugin v27.4 - https:\/\/yoast.com\/product\/yoast-seo-wordpress\/ -->\n<title>Kontakt | Fotini Gantzoras<\/title>\n<meta name=\"description\" content=\"Kontakt von Fotini Gantzoras, \u00dcbersetzerin f\u00fcr Spanisch. Beglaubigte, offizielle, amtliche \u00dcbersetzungen Spanisch-Deutsch, Deutsch-Spanisch.\" \/>\n<meta name=\"robots\" content=\"index, follow, max-snippet:-1, max-image-preview:large, max-video-preview:-1\" \/>\n<link rel=\"canonical\" href=\"https:\/\/fotini.pro\/de\/kontakt\/\" \/>\n<script type=\"application\/ld+json\" class=\"yoast-schema-graph\">{\"@context\":\"https:\\\/\\\/schema.org\",\"@graph\":[{\"@type\":\"WebPage\",\"@id\":\"https:\\\/\\\/fotini.pro\\\/de\\\/kontakt\\\/\",\"url\":\"https:\\\/\\\/fotini.pro\\\/de\\\/kontakt\\\/\",\"name\":\"Kontakt | Fotini Gantzoras\",\"isPartOf\":{\"@id\":\"https:\\\/\\\/fotini.pro\\\/de\\\/#website\"},\"primaryImageOfPage\":{\"@id\":\"https:\\\/\\\/fotini.pro\\\/de\\\/kontakt\\\/#primaryimage\"},\"image\":{\"@id\":\"https:\\\/\\\/fotini.pro\\\/de\\\/kontakt\\\/#primaryimage\"},\"thumbnailUrl\":\"https:\\\/\\\/fotini.pro\\\/wp-content\\\/uploads\\\/2021\\\/05\\\/traduccion-jurada-espanol.jpg\",\"datePublished\":\"2022-02-20T18:19:00+00:00\",\"dateModified\":\"2025-07-11T04:03:54+00:00\",\"description\":\"Kontakt von Fotini Gantzoras, \u00dcbersetzerin f\u00fcr Spanisch. Beglaubigte, offizielle, amtliche \u00dcbersetzungen Spanisch-Deutsch, Deutsch-Spanisch.\",\"breadcrumb\":{\"@id\":\"https:\\\/\\\/fotini.pro\\\/de\\\/kontakt\\\/#breadcrumb\"},\"inLanguage\":\"de\",\"potentialAction\":[{\"@type\":\"ReadAction\",\"target\":[\"https:\\\/\\\/fotini.pro\\\/de\\\/kontakt\\\/\"]}]},{\"@type\":\"ImageObject\",\"inLanguage\":\"de\",\"@id\":\"https:\\\/\\\/fotini.pro\\\/de\\\/kontakt\\\/#primaryimage\",\"url\":\"https:\\\/\\\/fotini.pro\\\/wp-content\\\/uploads\\\/2021\\\/05\\\/traduccion-jurada-espanol.jpg\",\"contentUrl\":\"https:\\\/\\\/fotini.pro\\\/wp-content\\\/uploads\\\/2021\\\/05\\\/traduccion-jurada-espanol.jpg\",\"width\":1536,\"height\":720,\"caption\":\"traducci\u00f3n jurada alem\u00e1n espa\u00f1ol\"},{\"@type\":\"BreadcrumbList\",\"@id\":\"https:\\\/\\\/fotini.pro\\\/de\\\/kontakt\\\/#breadcrumb\",\"itemListElement\":[{\"@type\":\"ListItem\",\"position\":1,\"name\":\"Portada\",\"item\":\"https:\\\/\\\/fotini.pro\\\/de\\\/\"},{\"@type\":\"ListItem\",\"position\":2,\"name\":\"Kontakt\"}]},{\"@type\":\"WebSite\",\"@id\":\"https:\\\/\\\/fotini.pro\\\/de\\\/#website\",\"url\":\"https:\\\/\\\/fotini.pro\\\/de\\\/\",\"name\":\"Fotini Gantzoras\",\"description\":\"VEREIDIGTE \u00dcBERSETZERIN\",\"publisher\":{\"@id\":\"https:\\\/\\\/fotini.pro\\\/de\\\/#\\\/schema\\\/person\\\/6d0230236c10617e56fa53b51d0aeba1\"},\"potentialAction\":[{\"@type\":\"SearchAction\",\"target\":{\"@type\":\"EntryPoint\",\"urlTemplate\":\"https:\\\/\\\/fotini.pro\\\/de\\\/?s={search_term_string}\"},\"query-input\":{\"@type\":\"PropertyValueSpecification\",\"valueRequired\":true,\"valueName\":\"search_term_string\"}}],\"inLanguage\":\"de\"},{\"@type\":[\"Person\",\"Organization\"],\"@id\":\"https:\\\/\\\/fotini.pro\\\/de\\\/#\\\/schema\\\/person\\\/6d0230236c10617e56fa53b51d0aeba1\",\"name\":\"Fotini Gantzoras\",\"image\":{\"@type\":\"ImageObject\",\"inLanguage\":\"de\",\"@id\":\"https:\\\/\\\/fotini.pro\\\/wp-content\\\/uploads\\\/2022\\\/03\\\/fotini-gantzoras-traductora-jurada.jpg\",\"url\":\"https:\\\/\\\/fotini.pro\\\/wp-content\\\/uploads\\\/2022\\\/03\\\/fotini-gantzoras-traductora-jurada.jpg\",\"contentUrl\":\"https:\\\/\\\/fotini.pro\\\/wp-content\\\/uploads\\\/2022\\\/03\\\/fotini-gantzoras-traductora-jurada.jpg\",\"width\":750,\"height\":563,\"caption\":\"Fotini Gantzoras\"},\"logo\":{\"@id\":\"https:\\\/\\\/fotini.pro\\\/wp-content\\\/uploads\\\/2022\\\/03\\\/fotini-gantzoras-traductora-jurada.jpg\"},\"sameAs\":[\"https:\\\/\\\/www.fotini.pro\"]}]}<\/script>\n<!-- \/ Yoast SEO plugin. -->","yoast_head_json":{"title":"Kontakt | Fotini Gantzoras","description":"Kontakt von Fotini Gantzoras, \u00dcbersetzerin f\u00fcr Spanisch. Beglaubigte, offizielle, amtliche \u00dcbersetzungen Spanisch-Deutsch, Deutsch-Spanisch.","robots":{"index":"index","follow":"follow","max-snippet":"max-snippet:-1","max-image-preview":"max-image-preview:large","max-video-preview":"max-video-preview:-1"},"canonical":"https:\/\/fotini.pro\/de\/kontakt\/","schema":{"@context":"https:\/\/schema.org","@graph":[{"@type":"WebPage","@id":"https:\/\/fotini.pro\/de\/kontakt\/","url":"https:\/\/fotini.pro\/de\/kontakt\/","name":"Kontakt | Fotini Gantzoras","isPartOf":{"@id":"https:\/\/fotini.pro\/de\/#website"},"primaryImageOfPage":{"@id":"https:\/\/fotini.pro\/de\/kontakt\/#primaryimage"},"image":{"@id":"https:\/\/fotini.pro\/de\/kontakt\/#primaryimage"},"thumbnailUrl":"https:\/\/fotini.pro\/wp-content\/uploads\/2021\/05\/traduccion-jurada-espanol.jpg","datePublished":"2022-02-20T18:19:00+00:00","dateModified":"2025-07-11T04:03:54+00:00","description":"Kontakt von Fotini Gantzoras, \u00dcbersetzerin f\u00fcr Spanisch. Beglaubigte, offizielle, amtliche \u00dcbersetzungen Spanisch-Deutsch, Deutsch-Spanisch.","breadcrumb":{"@id":"https:\/\/fotini.pro\/de\/kontakt\/#breadcrumb"},"inLanguage":"de","potentialAction":[{"@type":"ReadAction","target":["https:\/\/fotini.pro\/de\/kontakt\/"]}]},{"@type":"ImageObject","inLanguage":"de","@id":"https:\/\/fotini.pro\/de\/kontakt\/#primaryimage","url":"https:\/\/fotini.pro\/wp-content\/uploads\/2021\/05\/traduccion-jurada-espanol.jpg","contentUrl":"https:\/\/fotini.pro\/wp-content\/uploads\/2021\/05\/traduccion-jurada-espanol.jpg","width":1536,"height":720,"caption":"traducci\u00f3n jurada alem\u00e1n espa\u00f1ol"},{"@type":"BreadcrumbList","@id":"https:\/\/fotini.pro\/de\/kontakt\/#breadcrumb","itemListElement":[{"@type":"ListItem","position":1,"name":"Portada","item":"https:\/\/fotini.pro\/de\/"},{"@type":"ListItem","position":2,"name":"Kontakt"}]},{"@type":"WebSite","@id":"https:\/\/fotini.pro\/de\/#website","url":"https:\/\/fotini.pro\/de\/","name":"Fotini Gantzoras","description":"VEREIDIGTE \u00dcBERSETZERIN","publisher":{"@id":"https:\/\/fotini.pro\/de\/#\/schema\/person\/6d0230236c10617e56fa53b51d0aeba1"},"potentialAction":[{"@type":"SearchAction","target":{"@type":"EntryPoint","urlTemplate":"https:\/\/fotini.pro\/de\/?s={search_term_string}"},"query-input":{"@type":"PropertyValueSpecification","valueRequired":true,"valueName":"search_term_string"}}],"inLanguage":"de"},{"@type":["Person","Organization"],"@id":"https:\/\/fotini.pro\/de\/#\/schema\/person\/6d0230236c10617e56fa53b51d0aeba1","name":"Fotini Gantzoras","image":{"@type":"ImageObject","inLanguage":"de","@id":"https:\/\/fotini.pro\/wp-content\/uploads\/2022\/03\/fotini-gantzoras-traductora-jurada.jpg","url":"https:\/\/fotini.pro\/wp-content\/uploads\/2022\/03\/fotini-gantzoras-traductora-jurada.jpg","contentUrl":"https:\/\/fotini.pro\/wp-content\/uploads\/2022\/03\/fotini-gantzoras-traductora-jurada.jpg","width":750,"height":563,"caption":"Fotini Gantzoras"},"logo":{"@id":"https:\/\/fotini.pro\/wp-content\/uploads\/2022\/03\/fotini-gantzoras-traductora-jurada.jpg"},"sameAs":["https:\/\/www.fotini.pro"]}]}},"_links":{"self":[{"href":"https:\/\/fotini.pro\/de\/wp-json\/wp\/v2\/pages\/10454","targetHints":{"allow":["GET"]}}],"collection":[{"href":"https:\/\/fotini.pro\/de\/wp-json\/wp\/v2\/pages"}],"about":[{"href":"https:\/\/fotini.pro\/de\/wp-json\/wp\/v2\/types\/page"}],"author":[{"embeddable":true,"href":"https:\/\/fotini.pro\/de\/wp-json\/wp\/v2\/users\/2"}],"replies":[{"embeddable":true,"href":"https:\/\/fotini.pro\/de\/wp-json\/wp\/v2\/comments?post=10454"}],"version-history":[{"count":3,"href":"https:\/\/fotini.pro\/de\/wp-json\/wp\/v2\/pages\/10454\/revisions"}],"predecessor-version":[{"id":18581,"href":"https:\/\/fotini.pro\/de\/wp-json\/wp\/v2\/pages\/10454\/revisions\/18581"}],"wp:featuredmedia":[{"embeddable":true,"href":"https:\/\/fotini.pro\/de\/wp-json\/wp\/v2\/media\/828"}],"wp:attachment":[{"href":"https:\/\/fotini.pro\/de\/wp-json\/wp\/v2\/media?parent=10454"}],"curies":[{"name":"wp","href":"https:\/\/api.w.org\/{rel}","templated":true}]}}